{"id":37,"date":"2017-09-26T10:22:30","date_gmt":"2017-09-26T08:22:30","guid":{"rendered":"https:\/\/www.valeograph.de\/?page_id=37"},"modified":"2017-10-05T13:38:28","modified_gmt":"2017-10-05T11:38:28","slug":"ihr-vorteil","status":"publish","type":"page","link":"https:\/\/www.valeograph.de\/de\/ihr-vorteil\/","title":{"rendered":"Ihr Vorteil"},"content":{"rendered":"<h2>Gesundheit bringt Lebensqualit\u00e4t<\/h2>\n<p>Die Lebenserwartung in der westlichen Welt steigt stetig. Gleichzeitig steigt auch unsere Erwartung an unser Leben. Wir wollen nicht nur alt werden, sondern vor allem gesund sein und bleiben, also gesund altern. Um das zu erreichen, ist gezielte und eigenverantwortliche Gesundheitsvorsorge erforderlich. Die Verantwortung f\u00fcr die Erhaltung unserer Gesundheit und Leistungsf\u00e4higkeit tragen wir selbst. Um dieser Verantwortung nachzukommen, ben\u00f6tigen wir ein umfassendes Wissen um unsere eigene Gesundheit.<\/p>\n<p>Mit einer\u00a0VALEOGRAPH-Gesundheitsanalyse erhalten Sie in kurzer Zeit einen ausf\u00fchrlichen und verl\u00e4sslichen \u00dcberblick \u00fcber den Gesundheitszustand Ihres K\u00f6rpers. Von Ihnen bisher nicht bemerkte Erkrankungen und Funktionsst\u00f6rungen k\u00f6nnen so bereits im fr\u00fchen Stadium erkannt werden, damit, wenn es erforderlich ist, weiterf\u00fchrende medizinische Ma\u00dfnahmen umgehend eingeleitet und Therapien gezielt festgelegt werden k\u00f6nnen. Ein Vorteil, der Ihrer Gesundheit den entscheidenden Vorsprung gibt.<\/p>\n<h3>Bleiben Sie gesund \u2013 mit\u00a0VALEOGRAPH.<\/h3>\n","protected":false},"excerpt":{"rendered":"<p>Gesundheit bringt Lebensqualit\u00e4t Die Lebenserwartung in der westlichen Welt steigt stetig. Gleichzeitig steigt auch unsere Erwartung an unser Leben. Wir wollen nicht nur alt werden, sondern vor allem gesund sein und bleiben, also gesund altern. Um das zu erreichen, ist gezielte und eigenverantwortliche Gesundheitsvorsorge erforderlich. Die Verantwortung f\u00fcr die Erhaltung unserer Gesundheit und Leistungsf\u00e4higkeit tragen &hellip; <\/p>\n<p class=\"link-more\"><a href=\"https:\/\/www.valeograph.de\/de\/ihr-vorteil\/\" class=\"more-link\"><span class=\"screen-reader-text\">\u201eIhr Vorteil\u201c<\/span> weiterlesen<\/a><\/p>\n","protected":false},"author":1,"featured_media":135,"parent":0,"menu_order":0,"comment_status":"closed","ping_status":"closed","template":"","meta":[],"_links":{"self":[{"href":"https:\/\/www.valeograph.de\/de\/wp-json\/wp\/v2\/pages\/37"}],"collection":[{"href":"https:\/\/www.valeograph.de\/de\/wp-json\/wp\/v2\/pages"}],"about":[{"href":"https:\/\/www.valeograph.de\/de\/wp-json\/wp\/v2\/types\/page"}],"author":[{"embeddable":true,"href":"https:\/\/www.valeograph.de\/de\/wp-json\/wp\/v2\/users\/1"}],"replies":[{"embeddable":true,"href":"https:\/\/www.valeograph.de\/de\/wp-json\/wp\/v2\/comments?post=37"}],"version-history":[{"count":2,"href":"https:\/\/www.valeograph.de\/de\/wp-json\/wp\/v2\/pages\/37\/revisions"}],"predecessor-version":[{"id":136,"href":"https:\/\/www.valeograph.de\/de\/wp-json\/wp\/v2\/pages\/37\/revisions\/136"}],"wp:featuredmedia":[{"embeddable":true,"href":"https:\/\/www.valeograph.de\/de\/wp-json\/wp\/v2\/media\/135"}],"wp:attachment":[{"href":"https:\/\/www.valeograph.de\/de\/wp-json\/wp\/v2\/media?parent=37"}],"curies":[{"name":"wp","href":"https:\/\/api.w.org\/{rel}","templated":true}]}}