{"id":39,"date":"2017-09-26T10:23:27","date_gmt":"2017-09-26T08:23:27","guid":{"rendered":"https:\/\/www.valeograph.de\/?page_id=39"},"modified":"2017-10-05T13:14:58","modified_gmt":"2017-10-05T11:14:58","slug":"die-valeograph-technologie","status":"publish","type":"page","link":"https:\/\/www.valeograph.de\/de\/die-valeograph-technologie\/","title":{"rendered":"Die VALEOGRAPH-Technologie"},"content":{"rendered":"<h2>Die Untersuchung \u2013 biophysikalisch und objektiv<\/h2>\n<p><i>VALEOGRAPH\u00a0ist ein in dieser Form einmaliges medizintechnisches, physikalisches Untersuchungsger\u00e4t, das innerhalb kurzer Zeit Ihren Gesundheitszustand analysiert, ohne in die K\u00f6rperfunktionen einzugreifen.<\/i><\/p>\n<p><i>Die Untersuchung basiert auf akustischen, elektromagnetischen und lichtoptischen Signalen, die frequenzspektrographisch dargestellt und ausgewertet werden. Eine hohe Messpunktdichte erm\u00f6glicht eine umfassende Ganzk\u00f6rpermessung, dabei beeinflusst die Messung nicht die K\u00f6rperfunktionen und ben\u00f6tigt keine K\u00f6rperfl\u00fcssigkeiten. Mit nur einer Untersuchung k\u00f6nnen f\u00fcr alle Organe Befunde erstellt werden. Durch diese Untersuchungsmethode und die detaillierte Auswertung erhalten Sie ein umfassendes Untersuchungsergebnis.<\/i><\/p>\n<p>Der\u00a0VALEOGRAPH\u00a0Prevent Professional 980 verf\u00fcgt \u00fcber f\u00fcnf voneinander unabh\u00e4ngige Untersuchungsmodule, die einzelne, aber auch sequentielle bzw. komplexe Untersuchungen, Tests und Anwendungen erm\u00f6glichen:<\/p>\n<ol>\n<li>HRV (Herzraten-Variabilit\u00e4t) \u2013 erfasst die Aktivit\u00e4t des vegetativen Nervensystems<\/li>\n<li>EKG (Elektro-Kardiogramm) \u2013 zeichnet die elektrischen Aktivit\u00e4ten aller Herzmuskelfasern auf<\/li>\n<li>DSAM (Diagonale-segmentale-Amplitudometrie) \u2013 ermittelt mittels elektro-physiologischer Impulse St\u00f6rungen in der Gewebeleitf\u00e4higkeit<\/li>\n<li>VALEO (Vegetative-anatomische-logotopische Organdiagnostik im Echtzeit-Organmodus) \u2013 untersucht mittels akustischer, elektromagnetischer und laseroptischer Frequenzen den ganzen K\u00f6rper, definierte Organe bzw. das vegetative Nervensystems<\/li>\n<li>BIA (Bio-Impedanz-Messung) \u2013 berechnet K\u00f6rperfett, -wasser und -festsubstanz<\/li>\n<\/ol>\n<p>Nach Eingabe determinierter Daten erfolgt nach Testauswahl eine Messung auf physikalischer Grundlage. Der Computer generiert nach der Verarbeitung der determinierten und nicht-determinierten Daten bzw. linearer und nicht linearer Signale eine alpha-numerische bzw. graphische Darstellung und ermittelt nach Abgleich mit integrierten Datenbanken individuelle Risikoprofile, Funktionsst\u00f6rungen und Pathologien.<\/p>\n<h3>Mit nur einer Untersuchung den Gesundheitszustand Ihres gesamten K\u00f6rpers zuverl\u00e4ssig checken \u2013 mit\u00a0VALEOGRAPH<\/h3>\n","protected":false},"excerpt":{"rendered":"<p>Die Untersuchung \u2013 biophysikalisch und objektiv VALEOGRAPH\u00a0ist ein in dieser Form einmaliges medizintechnisches, physikalisches Untersuchungsger\u00e4t, das innerhalb kurzer Zeit Ihren Gesundheitszustand analysiert, ohne in die K\u00f6rperfunktionen einzugreifen. Die Untersuchung basiert auf akustischen, elektromagnetischen und lichtoptischen Signalen, die frequenzspektrographisch dargestellt und ausgewertet werden. Eine hohe Messpunktdichte erm\u00f6glicht eine umfassende Ganzk\u00f6rpermessung, dabei beeinflusst die Messung nicht die &hellip; <\/p>\n<p class=\"link-more\"><a href=\"https:\/\/www.valeograph.de\/de\/die-valeograph-technologie\/\" class=\"more-link\"><span class=\"screen-reader-text\">\u201eDie VALEOGRAPH-Technologie\u201c<\/span> weiterlesen<\/a><\/p>\n","protected":false},"author":1,"featured_media":130,"parent":0,"menu_order":0,"comment_status":"closed","ping_status":"closed","template":"","meta":[],"_links":{"self":[{"href":"https:\/\/www.valeograph.de\/de\/wp-json\/wp\/v2\/pages\/39"}],"collection":[{"href":"https:\/\/www.valeograph.de\/de\/wp-json\/wp\/v2\/pages"}],"about":[{"href":"https:\/\/www.valeograph.de\/de\/wp-json\/wp\/v2\/types\/page"}],"author":[{"embeddable":true,"href":"https:\/\/www.valeograph.de\/de\/wp-json\/wp\/v2\/users\/1"}],"replies":[{"embeddable":true,"href":"https:\/\/www.valeograph.de\/de\/wp-json\/wp\/v2\/comments?post=39"}],"version-history":[{"count":6,"href":"https:\/\/www.valeograph.de\/de\/wp-json\/wp\/v2\/pages\/39\/revisions"}],"predecessor-version":[{"id":131,"href":"https:\/\/www.valeograph.de\/de\/wp-json\/wp\/v2\/pages\/39\/revisions\/131"}],"wp:featuredmedia":[{"embeddable":true,"href":"https:\/\/www.valeograph.de\/de\/wp-json\/wp\/v2\/media\/130"}],"wp:attachment":[{"href":"https:\/\/www.valeograph.de\/de\/wp-json\/wp\/v2\/media?parent=39"}],"curies":[{"name":"wp","href":"https:\/\/api.w.org\/{rel}","templated":true}]}}