{"id":4,"date":"2017-09-26T10:20:05","date_gmt":"2017-09-26T08:20:05","guid":{"rendered":"https:\/\/www.valeograph.de\/?page_id=4"},"modified":"2021-01-14T18:31:46","modified_gmt":"2021-01-14T17:31:46","slug":"valeograph","status":"publish","type":"page","link":"https:\/\/www.valeograph.de\/de\/","title":{"rendered":"Startseite"},"content":{"rendered":"<h2>Herzlich willkommen bei\u00a0VALEOGRAPH<\/h2>\n<p>Sie sind auf\u00a0VALEOGRAPH\u00a0aufmerksam geworden, weil Sie sich f\u00fcr eine umfassende und zuverl\u00e4ssige, gleichzeitig schmerzfreie und nicht-invasive Untersuchung und Analyse Ihres Gesundheitszustandes interessieren.<\/p>\n<p>Eine Untersuchung mit\u00a0VALEOGRAPH\u00a0unterst\u00fctzt Sie bei der gezielten Vorsorge. Mit dem Ziel, Ihre Gesundheit und Ihr Wohlbefinden zu erhalten und zu st\u00e4rken.<\/p>\n<p>VALEOGRAPH\u00a0ist ein neuartiges biophysikalisches Untersuchungsverfahren, das die elektrophysiologischen Reaktionen im K\u00f6rperinneren erfasst und so eine genaue Darstellung Ihres allgemeinen Gesundheitszustands erm\u00f6glicht. In der sich an eine Untersuchung anschlie\u00dfende Auswertung durch Ihren betreuenden Arzt bzw. Therapeuten erfahren Sie genau, ob weiterf\u00fchrende medizinische Ma\u00dfnahmen erforderlich sind.<\/p>\n<p>Wir vom\u00a0VALEOGRAPH-Team m\u00f6chten, dass Sie gesund bleiben. Erfahren Sie auf dieser Website, wie wir Sie dabei unterst\u00fctzen k\u00f6nnen.<\/p>\n<h3>Behalten Sie Ihre Gesundheit im Blick \u2013 mit\u00a0VALEOGRAPH.<\/h3>\n","protected":false},"excerpt":{"rendered":"<p>Herzlich willkommen bei\u00a0VALEOGRAPH Sie sind auf\u00a0VALEOGRAPH\u00a0aufmerksam geworden, weil Sie sich f\u00fcr eine umfassende und zuverl\u00e4ssige, gleichzeitig schmerzfreie und nicht-invasive Untersuchung und Analyse Ihres Gesundheitszustandes interessieren. Eine Untersuchung mit\u00a0VALEOGRAPH\u00a0unterst\u00fctzt Sie bei der gezielten Vorsorge. Mit dem Ziel, Ihre Gesundheit und Ihr Wohlbefinden zu erhalten und zu st\u00e4rken. VALEOGRAPH\u00a0ist ein neuartiges biophysikalisches Untersuchungsverfahren, das die elektrophysiologischen Reaktionen &hellip; <\/p>\n<p class=\"link-more\"><a href=\"https:\/\/www.valeograph.de\/de\/\" class=\"more-link\"><span class=\"screen-reader-text\">\u201eStartseite\u201c<\/span> weiterlesen<\/a><\/p>\n","protected":false},"author":1,"featured_media":0,"parent":0,"menu_order":0,"comment_status":"closed","ping_status":"closed","template":"","meta":[],"_links":{"self":[{"href":"https:\/\/www.valeograph.de\/de\/wp-json\/wp\/v2\/pages\/4"}],"collection":[{"href":"https:\/\/www.valeograph.de\/de\/wp-json\/wp\/v2\/pages"}],"about":[{"href":"https:\/\/www.valeograph.de\/de\/wp-json\/wp\/v2\/types\/page"}],"author":[{"embeddable":true,"href":"https:\/\/www.valeograph.de\/de\/wp-json\/wp\/v2\/users\/1"}],"replies":[{"embeddable":true,"href":"https:\/\/www.valeograph.de\/de\/wp-json\/wp\/v2\/comments?post=4"}],"version-history":[{"count":4,"href":"https:\/\/www.valeograph.de\/de\/wp-json\/wp\/v2\/pages\/4\/revisions"}],"predecessor-version":[{"id":243,"href":"https:\/\/www.valeograph.de\/de\/wp-json\/wp\/v2\/pages\/4\/revisions\/243"}],"wp:attachment":[{"href":"https:\/\/www.valeograph.de\/de\/wp-json\/wp\/v2\/media?parent=4"}],"curies":[{"name":"wp","href":"https:\/\/api.w.org\/{rel}","templated":true}]}}