{"id":41,"date":"2017-09-26T10:24:09","date_gmt":"2017-09-26T08:24:09","guid":{"rendered":"https:\/\/www.valeograph.de\/?page_id=41"},"modified":"2017-10-05T13:35:32","modified_gmt":"2017-10-05T11:35:32","slug":"ihre-untersuchungsmoeglichkeiten","status":"publish","type":"page","link":"https:\/\/www.valeograph.de\/de\/ihre-untersuchungsmoeglichkeiten\/","title":{"rendered":"Ihre Untersuchungsm\u00f6glichkeiten"},"content":{"rendered":"<h2>So finden Sie zu Ihrer pers\u00f6nlichen\u00a0VALEOGRAPH-Gesundheitsanalyse<\/h2>\n<p>Sie m\u00f6chten eine Gesundheitsanalyse mit\u00a0VALEOGRAPH\u00a0durchf\u00fchren? Wir helfen Ihnen bei der Suche nach einem Zentrum, das diese Untersuchung anbietet:<br \/>\n<!--\n\n\n<pre>Datenbank spuckt das n\u00e4chstgelegene Center aus. Vielleicht reicht am Anfang auch eine manuelle Auflistung, je nach Menge und Anspruch. Abfrage nach PLZ?<\/pre>\n\n\n--><br \/>\nWir m\u00f6chten in Ihrer N\u00e4he sein! Sollte sich aktuell keine Untersuchungsm\u00f6glichkeit in Ihrer N\u00e4he finden, nehmen Sie bitte mit uns Kontakt auf. Wir werden gemeinsam mit Ihnen eine L\u00f6sung schaffen.<br \/>\n<!--\n\n\n<pre>Button: Kontakt<\/pre>\n\n\n--><\/p>\n<h3>Wir sind f\u00fcr Sie da \u2013 Ihr\u00a0VALEOGRAPH-Team<\/h3>\n<p style=\"margin-top: 2em; padding: .5em; background-color: #cccccc;\">Sie sind Arzt \/ \u00c4rztin oder Therapeut \/ Therapeutin und interessieren Sich daf\u00fcr, Ihren Patienten mit dieser umfassenden Untersuchungsm\u00f6glichkeit einen wertvollen Zusatznutzen zu bieten? Dann nehmen Sie bitte mit uns Kontakt auf, wir beraten Sie gerne und unterst\u00fctzen Sie. Ihre Patienten werden es Ihnen danken.<\/p>\n<p><!--\n\n\n<pre>Abgesetztes Feld: Sie sind Arzt \/ \u00c4rztin oder Therapeut \/ Therapeutin und interessieren Sich daf\u00fcr, Ihren Patienten mit dieser umfassenden Untersuchungsm\u00f6glichkeit einen wertvollen Zusatznutzen zu bieten? Dann nehmen Sie bitte mit uns Kontakt auf, wir beraten Sie gerne und unterst\u00fctzen Sie. Ihre Patienten werden es Ihnen danken.<\/pre>\n\n\n--><\/p>\n","protected":false},"excerpt":{"rendered":"<p>So finden Sie zu Ihrer pers\u00f6nlichen\u00a0VALEOGRAPH-Gesundheitsanalyse Sie m\u00f6chten eine Gesundheitsanalyse mit\u00a0VALEOGRAPH\u00a0durchf\u00fchren? Wir helfen Ihnen bei der Suche nach einem Zentrum, das diese Untersuchung anbietet: Wir m\u00f6chten in Ihrer N\u00e4he sein! Sollte sich aktuell keine Untersuchungsm\u00f6glichkeit in Ihrer N\u00e4he finden, nehmen Sie bitte mit uns Kontakt auf. Wir werden gemeinsam mit Ihnen eine L\u00f6sung schaffen. Wir &hellip; <\/p>\n<p class=\"link-more\"><a href=\"https:\/\/www.valeograph.de\/de\/ihre-untersuchungsmoeglichkeiten\/\" class=\"more-link\"><span class=\"screen-reader-text\">\u201eIhre Untersuchungsm\u00f6glichkeiten\u201c<\/span> weiterlesen<\/a><\/p>\n","protected":false},"author":1,"featured_media":134,"parent":0,"menu_order":0,"comment_status":"closed","ping_status":"closed","template":"","meta":[],"_links":{"self":[{"href":"https:\/\/www.valeograph.de\/de\/wp-json\/wp\/v2\/pages\/41"}],"collection":[{"href":"https:\/\/www.valeograph.de\/de\/wp-json\/wp\/v2\/pages"}],"about":[{"href":"https:\/\/www.valeograph.de\/de\/wp-json\/wp\/v2\/types\/page"}],"author":[{"embeddable":true,"href":"https:\/\/www.valeograph.de\/de\/wp-json\/wp\/v2\/users\/1"}],"replies":[{"embeddable":true,"href":"https:\/\/www.valeograph.de\/de\/wp-json\/wp\/v2\/comments?post=41"}],"version-history":[{"count":4,"href":"https:\/\/www.valeograph.de\/de\/wp-json\/wp\/v2\/pages\/41\/revisions"}],"predecessor-version":[{"id":116,"href":"https:\/\/www.valeograph.de\/de\/wp-json\/wp\/v2\/pages\/41\/revisions\/116"}],"wp:featuredmedia":[{"embeddable":true,"href":"https:\/\/www.valeograph.de\/de\/wp-json\/wp\/v2\/media\/134"}],"wp:attachment":[{"href":"https:\/\/www.valeograph.de\/de\/wp-json\/wp\/v2\/media?parent=41"}],"curies":[{"name":"wp","href":"https:\/\/api.w.org\/{rel}","templated":true}]}}