{"id":47,"date":"2017-09-26T10:25:33","date_gmt":"2017-09-26T08:25:33","guid":{"rendered":"https:\/\/www.valeograph.de\/?page_id=47"},"modified":"2021-01-14T18:34:33","modified_gmt":"2021-01-14T17:34:33","slug":"kontakt","status":"publish","type":"page","link":"https:\/\/www.valeograph.de\/de\/kontakt\/","title":{"rendered":"Kontakt"},"content":{"rendered":"<h2>So erreichen Sie uns<\/h2>\n<p>Sie interessieren sich f\u00fcr eine Untersuchung mit\u00a0<span class=\"valeograph\">VALEOGRAPH<\/span>\u00a0und ben\u00f6tigen weiterf\u00fchrende Informationen? Sie suchen nach einer Untersuchungsm\u00f6glichkeit in Ihrer N\u00e4he? Oder sind Sie daran interessiert, f\u00fcr Ihre Patienten diese verl\u00e4ssliche und innovative Untersuchungsmethode anzubieten? Dann freuen wir uns, wenn Sie mit uns Kontakt aufnehmen oder uns eine Nachricht senden, damit wir Sie kontaktieren k\u00f6nnen. Wir k\u00fcmmern uns gerne um Ihr Anliegen.<\/p>\n<h3>Wir danken f\u00fcr Ihr Vertrauen \u2013 Ihr\u00a0<span class=\"valeograph\">VALEOGRAPH<\/span>-Team<\/h3>\n<p><!--\n\n\n<h3><img loading=\"lazy\" class=\"aligncenter wp-image-95 size-full\" src=\"https:\/\/www.valeograph.de\/wp-content\/uploads\/2017\/09\/Unbenannt.png\" alt=\"\" width=\"954\" height=\"515\" \/><\/h3>\n\n\n--><\/p>\n<p>Sie k\u00f6nnen uns gerne an <strong>i<\/strong><strong>nfo@valeograph.de<\/strong> eine Email schicken oder unter der Telefonnummer <strong>+49 <span class=\"sortby_number \">5221 764533 <\/span><\/strong> erreichen.<\/p>\n","protected":false},"excerpt":{"rendered":"<p>So erreichen Sie uns Sie interessieren sich f\u00fcr eine Untersuchung mit\u00a0VALEOGRAPH\u00a0und ben\u00f6tigen weiterf\u00fchrende Informationen? Sie suchen nach einer Untersuchungsm\u00f6glichkeit in Ihrer N\u00e4he? Oder sind Sie daran interessiert, f\u00fcr Ihre Patienten diese verl\u00e4ssliche und innovative Untersuchungsmethode anzubieten? Dann freuen wir uns, wenn Sie mit uns Kontakt aufnehmen oder uns eine Nachricht senden, damit wir Sie kontaktieren &hellip; <\/p>\n<p class=\"link-more\"><a href=\"https:\/\/www.valeograph.de\/de\/kontakt\/\" class=\"more-link\"><span class=\"screen-reader-text\">\u201eKontakt\u201c<\/span> weiterlesen<\/a><\/p>\n","protected":false},"author":1,"featured_media":0,"parent":0,"menu_order":0,"comment_status":"closed","ping_status":"closed","template":"","meta":[],"_links":{"self":[{"href":"https:\/\/www.valeograph.de\/de\/wp-json\/wp\/v2\/pages\/47"}],"collection":[{"href":"https:\/\/www.valeograph.de\/de\/wp-json\/wp\/v2\/pages"}],"about":[{"href":"https:\/\/www.valeograph.de\/de\/wp-json\/wp\/v2\/types\/page"}],"author":[{"embeddable":true,"href":"https:\/\/www.valeograph.de\/de\/wp-json\/wp\/v2\/users\/1"}],"replies":[{"embeddable":true,"href":"https:\/\/www.valeograph.de\/de\/wp-json\/wp\/v2\/comments?post=47"}],"version-history":[{"count":15,"href":"https:\/\/www.valeograph.de\/de\/wp-json\/wp\/v2\/pages\/47\/revisions"}],"predecessor-version":[{"id":231,"href":"https:\/\/www.valeograph.de\/de\/wp-json\/wp\/v2\/pages\/47\/revisions\/231"}],"wp:attachment":[{"href":"https:\/\/www.valeograph.de\/de\/wp-json\/wp\/v2\/media?parent=47"}],"curies":[{"name":"wp","href":"https:\/\/api.w.org\/{rel}","templated":true}]}}